{"id":542,"date":"2025-04-05T01:05:04","date_gmt":"2025-04-05T01:05:04","guid":{"rendered":"https:\/\/latincare.com.de\/?page_id=542"},"modified":"2025-04-05T01:11:21","modified_gmt":"2025-04-05T01:11:21","slug":"terminos-y-condiciones","status":"publish","type":"page","link":"https:\/\/latincare.com.de\/de\/terminos-y-condiciones\/","title":{"rendered":"T\u00e9rminos y condiciones"},"content":{"rendered":"<div data-elementor-type=\"wp-page\" data-elementor-id=\"542\" class=\"elementor elementor-542\" data-elementor-post-type=\"page\">\n\t\t\t\t<div class=\"elementor-element elementor-element-b2fc74f e-flex e-con-boxed e-con e-parent\" data-id=\"b2fc74f\" data-element_type=\"container\" data-e-type=\"container\">\n\t\t\t\t\t<div class=\"e-con-inner\">\n\t\t\t\t<div class=\"elementor-element elementor-element-139ccba elementor-widget elementor-widget-text-editor\" data-id=\"139ccba\" data-element_type=\"widget\" data-e-type=\"widget\" data-widget_type=\"text-editor.default\">\n\t\t\t\t<div class=\"elementor-widget-container\">\n\t\t\t\t\t\t\t\t\t<p><span style=\"font-weight: 400;\">Impressum<\/span><\/p><p><span style=\"font-weight: 400;\">Angaben gem\u00e4\u00df \u00a7 5 TMG:<\/span><\/p><p><span style=\"font-weight: 400;\">Latincare UG\u00a0<\/span><\/p><p><span style=\"font-weight: 400;\">Aer\u00f6allee 47<\/span><\/p><p><span style=\"font-weight: 400;\">24969 Gl\u00fccksburg<\/span><\/p><p><span style=\"font-weight: 400;\">Registergericht: Amtsgericht Flensburg\u00a0<\/span><\/p><p><span style=\"font-weight: 400;\">Handelsregisternummer: HRB 17178 FL<\/span><\/p><p><span style=\"font-weight: 400;\">USt-IdNr.: 15\/294\/55174<\/span><\/p><p><span style=\"font-weight: 400;\">Vertreten durch:<\/span><\/p><p><span style=\"font-weight: 400;\">Andreina Garofalo<\/span><\/p><p><span style=\"font-weight: 400;\">Kontakt:<\/span><\/p><p><span style=\"font-weight: 400;\">Telefon: +49 160 3396094<\/span><\/p><p class=\"translation-block\">E-Mail: info@latincare.com.de<\/p><p><span style=\"font-weight: 400;\">Haftung f\u00fcr Links<\/span><\/p><p><span style=\"font-weight: 400;\">Unser Angebot enth\u00e4lt Links zu externen Webseiten Dritter, auf deren Inhalte wir keinen Einfluss haben.\nDeshalb k\u00f6nnen wir f\u00fcr diese fremden Inhalte auch keine Gew\u00e4hr \u00fcbernehmen.\nF\u00fcr die Inhalte der verlinkten Seiten ist stets der jeweilige Anbieter oder Betreiber der Seiten verantwortlich.<\/span><\/p><p><span style=\"font-weight: 400;\">Streitschlichtung<\/span><\/p><p><span style=\"font-weight: 400;\">Die Europ\u00e4ische Kommission stellt eine Plattform zur Online-Streitbeilegung (OS) bereit:<\/span><\/p><p>\u00a0<\/p><p><a href=\"https:\/\/ec.europa.eu\/consumers\/odr\"><span style=\"font-weight: 400;\">https:\/\/ec.europa.eu\/consumers\/odr<\/span><\/a><\/p>\t\t\t\t\t\t\t\t<\/div>\n\t\t\t\t<\/div>\n\t\t\t\t\t<\/div>\n\t\t\t\t<\/div>\n\t\t\t\t<\/div>","protected":false},"excerpt":{"rendered":"<p>Informaci\u00f3n Legal Informaci\u00f3n de acuerdo con la secci\u00f3n 5 TMG: Latincare UG\u00a0 Aer\u00f6alle 47 Gl\u00fccksburg 24969 Tribunal de registro: Amtsgericht Flensburg\u00a0 N\u00famero de registro: HRB 17178 FL USt-IdNr. 15\/294\/55174 Representado por: Andreia Garofalo Contacto: Telefono: +49 160 3396094 Email: info@latincare.com.de Responsabilidades por enlaces de terceros Nuestra oferta contiene enlaces a sitios web externos de terceros [&hellip;]<\/p>","protected":false},"author":1,"featured_media":0,"parent":0,"menu_order":0,"comment_status":"closed","ping_status":"closed","template":"","meta":{"footnotes":""},"class_list":["post-542","page","type-page","status-publish","hentry"],"_links":{"self":[{"href":"https:\/\/latincare.com.de\/de\/wp-json\/wp\/v2\/pages\/542","targetHints":{"allow":["GET"]}}],"collection":[{"href":"https:\/\/latincare.com.de\/de\/wp-json\/wp\/v2\/pages"}],"about":[{"href":"https:\/\/latincare.com.de\/de\/wp-json\/wp\/v2\/types\/page"}],"author":[{"embeddable":true,"href":"https:\/\/latincare.com.de\/de\/wp-json\/wp\/v2\/users\/1"}],"replies":[{"embeddable":true,"href":"https:\/\/latincare.com.de\/de\/wp-json\/wp\/v2\/comments?post=542"}],"version-history":[{"count":7,"href":"https:\/\/latincare.com.de\/de\/wp-json\/wp\/v2\/pages\/542\/revisions"}],"predecessor-version":[{"id":550,"href":"https:\/\/latincare.com.de\/de\/wp-json\/wp\/v2\/pages\/542\/revisions\/550"}],"wp:attachment":[{"href":"https:\/\/latincare.com.de\/de\/wp-json\/wp\/v2\/media?parent=542"}],"curies":[{"name":"wp","href":"https:\/\/api.w.org\/{rel}","templated":true}]}}